{"id":36,"date":"2021-05-15T08:00:04","date_gmt":"2021-05-15T08:00:04","guid":{"rendered":"https:\/\/www.arlerhof.design-community.at\/?page_id=36"},"modified":"2026-03-23T06:32:46","modified_gmt":"2026-03-23T06:32:46","slug":"appartment-seekarspitz","status":"publish","type":"page","link":"https:\/\/www.arlerhof.at\/index.php\/ferienwohnungen\/appartment-seekarspitz\/","title":{"rendered":"Appartment Seekarspitz"},"content":{"rendered":"<ul>\n<li style=\"text-align: left;\">Appartment- Ausstattung:<\/li>\n<li>Platz f\u00fcr 4 Personen<\/li>\n<li>2 Schlafzimmer mit Doppelbett<\/li>\n<li>komplett ausgestattete K\u00fcche mit Elektroherd, Kochplatten, K\u00fchlschrank &amp; Geschirrsp\u00fcler<\/li>\n<li>Kabel-TV, Wlan<\/li>\n<li>Essecke<\/li>\n<li>1 Badezimmer mit Dusche, Handtuchtrockner<\/li>\n<li>1 WC<\/li>\n<\/ul>\n<h5><\/h5>\n<h4><strong>Preis: Sommer 2026 \/ Winter 2026\/27<\/strong><\/h4>\n<h5><\/h5>\n<h5>Winter \u20ac 170.- \/ Nacht<\/h5>\n<h5>Sommer \u20ac 160.- \/ Nacht\u00a0 \u00a0<em><a href=\"https:\/\/www.lungau.at\/de\/typisch-lungau\/lungaucard\/sommer\/\">Inklusive Lungauer Sommer Card<\/a> \u00a0\u00a0\u00a0<\/em><\/h5>\n<p>&nbsp;<\/p>\n<h5>zzgl. \u20ac 4,00 Ortstaxe\u00a0 (Pro Person &amp; Nacht ab den 15. Lebensjahr)<\/h5>\n<h5>Endreinigung: 65 \u20ac<\/h5>\n<p><em>inkl. Bettw\u00e4sche, Hand und Badet\u00fccher, Geschirrt\u00fccher, Sauna auf Anfrage, WLAN inkl.<\/em><\/p>\n<p><a class=\"button-size-1\" href=\"https:\/\/www.arlerhof.design-community.at\/index.php\/kontakt-anfahrt\/buchungsanfrage\/\">JETZT ANFRAGEN<\/a><\/p>\n<h5><em>\u00a0<\/em><\/h5>\n","protected":false},"excerpt":{"rendered":"<p>Appartment- Ausstattung: Platz f\u00fcr 4 Personen 2 Schlafzimmer mit Doppelbett komplett ausgestattete K\u00fcche mit Elektroherd, Kochplatten, K\u00fchlschrank &amp; Geschirrsp\u00fcler Kabel-TV, [&hellip;]<\/p>\n","protected":false},"author":1,"featured_media":279,"parent":17,"menu_order":0,"comment_status":"closed","ping_status":"closed","template":"page-fewo.php","meta":{"_acf_changed":false,"footnotes":""},"class_list":["post-36","page","type-page","status-publish","has-post-thumbnail","hentry","wpautop"],"acf":[],"yoast_head":"<!-- This site is optimized with the Yoast SEO plugin v27.5 - https:\/\/yoast.com\/product\/yoast-seo-wordpress\/ -->\n<title>Appartment Seekarspitz - Arlerhof \u00b7 Familie Hornegger<\/title>\n<meta name=\"robots\" content=\"index, follow, max-snippet:-1, max-image-preview:large, max-video-preview:-1\" \/>\n<link rel=\"canonical\" href=\"https:\/\/www.arlerhof.at\/index.php\/ferienwohnungen\/appartment-seekarspitz\/\" \/>\n<meta property=\"og:locale\" content=\"de_DE\" \/>\n<meta property=\"og:type\" content=\"article\" \/>\n<meta property=\"og:title\" content=\"Appartment Seekarspitz - Arlerhof \u00b7 Familie Hornegger\" \/>\n<meta property=\"og:description\" content=\"Appartment- Ausstattung: Platz f\u00fcr 4 Personen 2 Schlafzimmer mit Doppelbett komplett ausgestattete K\u00fcche mit Elektroherd, Kochplatten, K\u00fchlschrank &amp; Geschirrsp\u00fcler Kabel-TV, [&hellip;]\" \/>\n<meta property=\"og:url\" content=\"https:\/\/www.arlerhof.at\/index.php\/ferienwohnungen\/appartment-seekarspitz\/\" \/>\n<meta property=\"og:site_name\" content=\"Arlerhof \u00b7 Familie Hornegger\" \/>\n<meta property=\"article:modified_time\" content=\"2026-03-23T06:32:46+00:00\" \/>\n<meta property=\"og:image\" content=\"https:\/\/www.arlerhof.at\/wp-content\/uploads\/2021\/06\/seekarspitz-full.jpg\" \/>\n\t<meta property=\"og:image:width\" content=\"2500\" \/>\n\t<meta property=\"og:image:height\" content=\"1200\" \/>\n\t<meta property=\"og:image:type\" content=\"image\/jpeg\" \/>\n<meta name=\"twitter:card\" content=\"summary_large_image\" \/>\n<meta name=\"twitter:label1\" content=\"Gesch\u00e4tzte Lesezeit\" \/>\n\t<meta name=\"twitter:data1\" content=\"1\u00a0Minute\" \/>\n<script type=\"application\/ld+json\" class=\"yoast-schema-graph\">{\"@context\":\"https:\\\/\\\/schema.org\",\"@graph\":[{\"@type\":\"WebPage\",\"@id\":\"https:\\\/\\\/www.arlerhof.at\\\/index.php\\\/ferienwohnungen\\\/appartment-seekarspitz\\\/\",\"url\":\"https:\\\/\\\/www.arlerhof.at\\\/index.php\\\/ferienwohnungen\\\/appartment-seekarspitz\\\/\",\"name\":\"Appartment Seekarspitz - Arlerhof \u00b7 Familie Hornegger\",\"isPartOf\":{\"@id\":\"https:\\\/\\\/www.arlerhof.at\\\/#website\"},\"primaryImageOfPage\":{\"@id\":\"https:\\\/\\\/www.arlerhof.at\\\/index.php\\\/ferienwohnungen\\\/appartment-seekarspitz\\\/#primaryimage\"},\"image\":{\"@id\":\"https:\\\/\\\/www.arlerhof.at\\\/index.php\\\/ferienwohnungen\\\/appartment-seekarspitz\\\/#primaryimage\"},\"thumbnailUrl\":\"https:\\\/\\\/www.arlerhof.at\\\/wp-content\\\/uploads\\\/2021\\\/06\\\/seekarspitz-full.jpg\",\"datePublished\":\"2021-05-15T08:00:04+00:00\",\"dateModified\":\"2026-03-23T06:32:46+00:00\",\"breadcrumb\":{\"@id\":\"https:\\\/\\\/www.arlerhof.at\\\/index.php\\\/ferienwohnungen\\\/appartment-seekarspitz\\\/#breadcrumb\"},\"inLanguage\":\"de\",\"potentialAction\":[{\"@type\":\"ReadAction\",\"target\":[\"https:\\\/\\\/www.arlerhof.at\\\/index.php\\\/ferienwohnungen\\\/appartment-seekarspitz\\\/\"]}]},{\"@type\":\"ImageObject\",\"inLanguage\":\"de\",\"@id\":\"https:\\\/\\\/www.arlerhof.at\\\/index.php\\\/ferienwohnungen\\\/appartment-seekarspitz\\\/#primaryimage\",\"url\":\"https:\\\/\\\/www.arlerhof.at\\\/wp-content\\\/uploads\\\/2021\\\/06\\\/seekarspitz-full.jpg\",\"contentUrl\":\"https:\\\/\\\/www.arlerhof.at\\\/wp-content\\\/uploads\\\/2021\\\/06\\\/seekarspitz-full.jpg\",\"width\":2500,\"height\":1200},{\"@type\":\"BreadcrumbList\",\"@id\":\"https:\\\/\\\/www.arlerhof.at\\\/index.php\\\/ferienwohnungen\\\/appartment-seekarspitz\\\/#breadcrumb\",\"itemListElement\":[{\"@type\":\"ListItem\",\"position\":1,\"name\":\"Startseite\",\"item\":\"https:\\\/\\\/www.arlerhof.at\\\/\"},{\"@type\":\"ListItem\",\"position\":2,\"name\":\"Ferien&shy;wohnungen\",\"item\":\"https:\\\/\\\/www.arlerhof.at\\\/index.php\\\/ferienwohnungen\\\/\"},{\"@type\":\"ListItem\",\"position\":3,\"name\":\"Appartment Seekarspitz\"}]},{\"@type\":\"WebSite\",\"@id\":\"https:\\\/\\\/www.arlerhof.at\\\/#website\",\"url\":\"https:\\\/\\\/www.arlerhof.at\\\/\",\"name\":\"Arlerhof \u00b7 Familie Hornegger\",\"description\":\"Urlaub auf dem Bauernhof mitten im Salzburger Land\",\"potentialAction\":[{\"@type\":\"SearchAction\",\"target\":{\"@type\":\"EntryPoint\",\"urlTemplate\":\"https:\\\/\\\/www.arlerhof.at\\\/?s={search_term_string}\"},\"query-input\":{\"@type\":\"PropertyValueSpecification\",\"valueRequired\":true,\"valueName\":\"search_term_string\"}}],\"inLanguage\":\"de\"}]}<\/script>\n<!-- \/ Yoast SEO plugin. -->","yoast_head_json":{"title":"Appartment Seekarspitz - Arlerhof \u00b7 Familie Hornegger","robots":{"index":"index","follow":"follow","max-snippet":"max-snippet:-1","max-image-preview":"max-image-preview:large","max-video-preview":"max-video-preview:-1"},"canonical":"https:\/\/www.arlerhof.at\/index.php\/ferienwohnungen\/appartment-seekarspitz\/","og_locale":"de_DE","og_type":"article","og_title":"Appartment Seekarspitz - Arlerhof \u00b7 Familie Hornegger","og_description":"Appartment- Ausstattung: Platz f\u00fcr 4 Personen 2 Schlafzimmer mit Doppelbett komplett ausgestattete K\u00fcche mit Elektroherd, Kochplatten, K\u00fchlschrank &amp; Geschirrsp\u00fcler Kabel-TV, [&hellip;]","og_url":"https:\/\/www.arlerhof.at\/index.php\/ferienwohnungen\/appartment-seekarspitz\/","og_site_name":"Arlerhof \u00b7 Familie Hornegger","article_modified_time":"2026-03-23T06:32:46+00:00","og_image":[{"width":2500,"height":1200,"url":"https:\/\/www.arlerhof.at\/wp-content\/uploads\/2021\/06\/seekarspitz-full.jpg","type":"image\/jpeg"}],"twitter_card":"summary_large_image","twitter_misc":{"Gesch\u00e4tzte Lesezeit":"1\u00a0Minute"},"schema":{"@context":"https:\/\/schema.org","@graph":[{"@type":"WebPage","@id":"https:\/\/www.arlerhof.at\/index.php\/ferienwohnungen\/appartment-seekarspitz\/","url":"https:\/\/www.arlerhof.at\/index.php\/ferienwohnungen\/appartment-seekarspitz\/","name":"Appartment Seekarspitz - Arlerhof \u00b7 Familie Hornegger","isPartOf":{"@id":"https:\/\/www.arlerhof.at\/#website"},"primaryImageOfPage":{"@id":"https:\/\/www.arlerhof.at\/index.php\/ferienwohnungen\/appartment-seekarspitz\/#primaryimage"},"image":{"@id":"https:\/\/www.arlerhof.at\/index.php\/ferienwohnungen\/appartment-seekarspitz\/#primaryimage"},"thumbnailUrl":"https:\/\/www.arlerhof.at\/wp-content\/uploads\/2021\/06\/seekarspitz-full.jpg","datePublished":"2021-05-15T08:00:04+00:00","dateModified":"2026-03-23T06:32:46+00:00","breadcrumb":{"@id":"https:\/\/www.arlerhof.at\/index.php\/ferienwohnungen\/appartment-seekarspitz\/#breadcrumb"},"inLanguage":"de","potentialAction":[{"@type":"ReadAction","target":["https:\/\/www.arlerhof.at\/index.php\/ferienwohnungen\/appartment-seekarspitz\/"]}]},{"@type":"ImageObject","inLanguage":"de","@id":"https:\/\/www.arlerhof.at\/index.php\/ferienwohnungen\/appartment-seekarspitz\/#primaryimage","url":"https:\/\/www.arlerhof.at\/wp-content\/uploads\/2021\/06\/seekarspitz-full.jpg","contentUrl":"https:\/\/www.arlerhof.at\/wp-content\/uploads\/2021\/06\/seekarspitz-full.jpg","width":2500,"height":1200},{"@type":"BreadcrumbList","@id":"https:\/\/www.arlerhof.at\/index.php\/ferienwohnungen\/appartment-seekarspitz\/#breadcrumb","itemListElement":[{"@type":"ListItem","position":1,"name":"Startseite","item":"https:\/\/www.arlerhof.at\/"},{"@type":"ListItem","position":2,"name":"Ferien&shy;wohnungen","item":"https:\/\/www.arlerhof.at\/index.php\/ferienwohnungen\/"},{"@type":"ListItem","position":3,"name":"Appartment Seekarspitz"}]},{"@type":"WebSite","@id":"https:\/\/www.arlerhof.at\/#website","url":"https:\/\/www.arlerhof.at\/","name":"Arlerhof \u00b7 Familie Hornegger","description":"Urlaub auf dem Bauernhof mitten im Salzburger Land","potentialAction":[{"@type":"SearchAction","target":{"@type":"EntryPoint","urlTemplate":"https:\/\/www.arlerhof.at\/?s={search_term_string}"},"query-input":{"@type":"PropertyValueSpecification","valueRequired":true,"valueName":"search_term_string"}}],"inLanguage":"de"}]}},"_links":{"self":[{"href":"https:\/\/www.arlerhof.at\/index.php\/wp-json\/wp\/v2\/pages\/36","targetHints":{"allow":["GET"]}}],"collection":[{"href":"https:\/\/www.arlerhof.at\/index.php\/wp-json\/wp\/v2\/pages"}],"about":[{"href":"https:\/\/www.arlerhof.at\/index.php\/wp-json\/wp\/v2\/types\/page"}],"author":[{"embeddable":true,"href":"https:\/\/www.arlerhof.at\/index.php\/wp-json\/wp\/v2\/users\/1"}],"replies":[{"embeddable":true,"href":"https:\/\/www.arlerhof.at\/index.php\/wp-json\/wp\/v2\/comments?post=36"}],"version-history":[{"count":33,"href":"https:\/\/www.arlerhof.at\/index.php\/wp-json\/wp\/v2\/pages\/36\/revisions"}],"predecessor-version":[{"id":517,"href":"https:\/\/www.arlerhof.at\/index.php\/wp-json\/wp\/v2\/pages\/36\/revisions\/517"}],"up":[{"embeddable":true,"href":"https:\/\/www.arlerhof.at\/index.php\/wp-json\/wp\/v2\/pages\/17"}],"wp:featuredmedia":[{"embeddable":true,"href":"https:\/\/www.arlerhof.at\/index.php\/wp-json\/wp\/v2\/media\/279"}],"wp:attachment":[{"href":"https:\/\/www.arlerhof.at\/index.php\/wp-json\/wp\/v2\/media?parent=36"}],"curies":[{"name":"wp","href":"https:\/\/api.w.org\/{rel}","templated":true}]}}